{"id":32342,"date":"2022-08-22T15:56:24","date_gmt":"2022-08-22T13:56:24","guid":{"rendered":"https:\/\/mancomun.gal\/agenda\/"},"modified":"2024-02-07T12:13:54","modified_gmt":"2024-02-07T11:13:54","slug":"agenda","status":"publish","type":"page","link":"https:\/\/mancomun.gal\/es\/agenda\/","title":{"rendered":"Agenda"},"content":{"rendered":"\n<p>En este espacio podr\u00e1s encontrar un&nbsp;<strong>calendario sobre las actividades, encuentros, o efem\u00e9rides m\u00e1s destacadas en la actualidad del software y hardware libre en Galicia.<\/strong><\/p>\n\n\n\n<p>En Galicia, contamos con una comunidad s\u00f3lida de asociaciones, grupos informales y entidades comprometidas con la promoci\u00f3n del software, hardware y cultura libres. Desde Mancom\u00fan queremos ayudar su visibilidad potenciando la difusi\u00f3n de todas las actividades que realizan, desde la organizaci\u00f3n de eventos y charlas hasta la participaci\u00f3n activa en proyectos de software y hardware libre.<\/p>\n\n\n\n<p>Este calendario est\u00e1 totalmente abierto la cualquier evento que tenga como objetivo la difusi\u00f3n y el fomento del software y hardware libre en Galicia, por lo que se conoces alguna actividad que cumpla con estas caracter\u00edsticas y aun no aparece en la agenda, te invitamos a ponerte en contacto con nosotros a trav\u00e9s del formulario disponible. Tu aportaci\u00f3n es esencial para fortalecer la presencia y el impacto de la comunidad de Software y Hardware Libre en toda Galicia.<\/p>\n","protected":false},"excerpt":{"rendered":"<p>En este espacio podr\u00e1s encontrar un&nbsp;calendario sobre las actividades, encuentros, o efem\u00e9rides m\u00e1s destacadas en la actualidad del software y hardware libre en Galicia. En Galicia, contamos con una comunidad s\u00f3lida de asociaciones, grupos informales y entidades comprometidas con la promoci\u00f3n del software, hardware y cultura libres. Desde Mancom\u00fan queremos ayudar su visibilidad potenciando la [&hellip;]<\/p>\n","protected":false},"author":1,"featured_media":0,"parent":0,"menu_order":0,"comment_status":"closed","ping_status":"closed","template":"page-axenda.php","meta":{"footnotes":""},"class_list":["post-32342","page","type-page","status-publish","hentry"],"acf":[],"_links":{"self":[{"href":"https:\/\/mancomun.gal\/es\/wp-json\/wp\/v2\/pages\/32342","targetHints":{"allow":["GET"]}}],"collection":[{"href":"https:\/\/mancomun.gal\/es\/wp-json\/wp\/v2\/pages"}],"about":[{"href":"https:\/\/mancomun.gal\/es\/wp-json\/wp\/v2\/types\/page"}],"author":[{"embeddable":true,"href":"https:\/\/mancomun.gal\/es\/wp-json\/wp\/v2\/users\/1"}],"replies":[{"embeddable":true,"href":"https:\/\/mancomun.gal\/es\/wp-json\/wp\/v2\/comments?post=32342"}],"version-history":[{"count":5,"href":"https:\/\/mancomun.gal\/es\/wp-json\/wp\/v2\/pages\/32342\/revisions"}],"predecessor-version":[{"id":43730,"href":"https:\/\/mancomun.gal\/es\/wp-json\/wp\/v2\/pages\/32342\/revisions\/43730"}],"wp:attachment":[{"href":"https:\/\/mancomun.gal\/es\/wp-json\/wp\/v2\/media?parent=32342"}],"curies":[{"name":"wp","href":"https:\/\/api.w.org\/{rel}","templated":true}]}}