{"id":32363,"date":"2023-02-07T13:25:28","date_gmt":"2023-02-07T12:25:28","guid":{"rendered":"https:\/\/mancomun.gal\/accesibilidad\/"},"modified":"2023-02-07T13:32:34","modified_gmt":"2023-02-07T12:32:34","slug":"accesibilidad","status":"publish","type":"page","link":"https:\/\/mancomun.gal\/es\/accesibilidad\/","title":{"rendered":"Accesibilidad"},"content":{"rendered":"\n<div class=\"wp-block-group is-layout-constrained wp-container-core-group-is-layout-5ca99053 wp-block-group-is-layout-constrained\">\n<h1>Declaraci\u00f3n de accesibilidad<\/h1> <p>\nLa Xunta de Galicia se comprometi\u00f3 a hacer accesibles sus sitios web de conformidad con el\n<a href=\"https:\/\/www.boe.es\/diario_boe\/txt.php?id=BOE-A-%202018-12699\">Real Decreto 1112\/2018, de 7 de septiembre, sobre accesibilidad de los sitios web y aplicaciones para dispositivos m\u00f3viles del sector p\u00fablico<\/a>.\n<\/p>\n<p>Esta declaraci\u00f3n de accesibilidad aplica al sitio web <a href=\"https:\/\/www.mancomun.gal\/\">Mancom\u00fan<\/a>.<\/p>\n<h2>Situaci\u00f3n del cumplimiento<\/h2>\n<p>Este sitio web es <strong>parcialmente conforme<\/strong>\nal RD 1112\/2018 debido a las excepciones y a la falta de conformidad de los aspectos que se indican a continuaci\u00f3n.<\/p>\n<h2>Contenido no accesible<\/h2>\n<p>El contenido que se recoge a continuaci\u00f3n no es accesible por lo siguiente:<\/p>\n<ol>\n<li type=\"a\">\n<strong>falta de conformidad con el RD 1112\/2018:<\/strong> <ul>\n<li>Pueden existir problemas para percibir algunos elementos del sitio afectando a los requisitos 9.1.1.1 Contenido no textual, 9.1.4.3 Contraste (m\u00ednimo) y 9.1.4.10 Reajuste de elementos de UNE-EN 301549:2020.<\/li>\n<li>Se pueden experimentar problemas en el acceso a las funcionalidades de los elementos del sitio afectando a los requisitos 9.2.1.1 Teclado y 9.2.4.2 T\u00edtulo de la p\u00e1gina de UNE- EN 301549:2020.<\/li>\n<li>\nPuede no estar disponible alguna informaci\u00f3n relativa a elementos del sitio que afecte a comprender como usar estos elementos o la informaci\u00f3n que proporcionan afectando a los requisitos 9.3.1.2 Idioma de las partes y 9.3.3.2\nEtiquetas o instrucciones de UNE-EN 301549:2020. <\/li>\n<\/ul> <\/li>\n<li type=\"a\"><strong>carga desproporcionada<\/strong>: no aplica.<\/li>\n<li type=\"a\">el contenido <strong>no entra dentro del \u00e1mbito de la legislaci\u00f3n<\/strong> aplicable: no aplica.<\/li>\n<\/ol> <p><\/p>\n<h2>Preparaci\u00f3n de la presente declaraci\u00f3n de accesibilidad<\/h2>\n<p>Esta declaraci\u00f3n fue preparada el 20\/09\/2022.<\/p>\n<p>El m\u00e9todo empleado para preparar la declaraci\u00f3n fue una\nutoevaluaci\u00f3n llevada a cabo por el Agencia para la Modernizaci\u00f3n Tecnol\u00f3gica de Galicia (Amtega).<\/p>\n<p>\u00daltima revisi\u00f3n de la declaraci\u00f3n: 20\/09\/2022.<\/p> <h2>Observaciones y datos de contacto<\/h2>\n<p>\nPuede realizar comunicaciones sobre requisitos de accesibilidad (art\u00edculo 10.2.la del RD 1112\/2018) como informar sobre posibles incumplimientos por parte de este sitio web, transmitir otras dificultades de acceso al contenido o formular\ncualquier otra consulta o sugerencia de mejora relativa a la accesibilidad de este sitio web a trav\u00e9s del <a href=\"https:\/\/www.xunta.gal\/sistema-integrado-de-atencion-%20a-cidadania\">Sistema Integrado de Atenci\u00f3n a la Ciudadan\u00eda<\/a> de manera\nelectr\u00f3nica, telef\u00f3nico o presencial. <\/p>\n<p>Las comunicaciones ser\u00e1n recibidas y tratadas por la Xunta de Galicia.<\/p>\n<h2>Procedimiento de aplicaci\u00f3n<\/h2>\n<p>El procedimiento de reclamaci\u00f3n recogido en el art\u00edculo 13 del RD 1112\/2018 entr\u00f3 en vigor el 20 de septiembre de 2020.<\/p> <h2>Contenido opcional<\/h2>\n<h3>Fecha de \u00faltima revisi\u00f3n<\/h3>\n<p>La \u00faltima revisi\u00f3n de accesibilidad fue realizada el 20\/09\/2022.<\/p>\n<h3>Enlaces relacionados<\/h3>\n<ul>\n<li><a href=\"https:\/\/www.w3.org\/TR\/WCAG21\/\">Pautas de accesibilidad para el contenido web versi\u00f3n 2.1 &#8211; Recomendaci\u00f3n del W3C publicada el 5 de junio de 2018<\/a><\/li>\n<li><a href=\"https:\/\/www.w3.org\/WAI\/WCAG21\/quickref\/\">Gu\u00eda r\u00e1pida sobre c\u00f3mo cumplir con las pautas de accesibilidad para el contenido web versi\u00f3n 2 &#8211; Publicaci\u00f3n del W3C<\/a><\/li>\n<li><a href=\"http:\/\/www.w3.org\/WAI\">Iniciativa de accesibilidad del W3C<\/a><\/li>\n<li><a href=\"https:\/\/www.boe.es\/diario_boe\/txt.php?%20id=BOE-A-2018-12699\">Real Decreto 1112\/2018, de 7 de septiembre , sobre accesibilidad de los sitios web y aplicaciones para dispositivos m\u00f3viles del sector p\u00fablico<\/a><\/li>\n<li><a href=\"https:\/\/administracionelectronica.gob.es\/pae_Home\/pae%20_Estrategias\/pae_Accesibilidad.html?idioma=gl\">Estrategia de la accesibilidad &#8211; Portal de la Administraci\u00f3n electr\u00f3nica<\/a><\/li>\n<li><a href=\"http:\/\/administracionelectronica.gob.es\/PAe\/accesibilida%20d\/une-en-301549-2020.pdf\">Norma UNE-EN 301549:2020 de los \u00abRequisitos de accesibilidad para productos y servizos TIC\u00bb<\/a><\/li>\n<li><a href=\"https:\/\/www.etsi.org\/deliver\/etsi_en\/301500_301599\/301%20549\/03.02.01_60\/en_301549v030201p.pdf\">Norma europea EN 301 549 v.3.2.1 (2021-03) de los \u00abRequisitos de accesibilidad para productos y servizos TIC\u00bb<\/a><\/li>\n<li><a href=\"https:\/\/www.xunta.gal\/atencion-a-%20cidadania\">Atenci\u00f3n a la ciudadan\u00eda<\/a><\/li>\n<\/ul>\n<\/div>\n\n<div style=\"height:100px\" aria-hidden=\"true\" class=\"wp-block-spacer\"><\/div>\n","protected":false},"excerpt":{"rendered":"<p>Declaraci\u00f3n de accesibilidad La Xunta de Galicia se comprometi\u00f3 a hacer accesibles sus sitios web de conformidad con el Real Decreto 1112\/2018, de 7 de septiembre, sobre accesibilidad de los sitios web y aplicaciones para dispositivos m\u00f3viles del sector p\u00fablico. Esta declaraci\u00f3n de accesibilidad aplica al sitio web Mancom\u00fan. Situaci\u00f3n del cumplimiento Este sitio web [&hellip;]<\/p>\n","protected":false},"author":1,"featured_media":0,"parent":0,"menu_order":0,"comment_status":"closed","ping_status":"closed","template":"","meta":{"footnotes":""},"class_list":["post-32363","page","type-page","status-publish","hentry"],"acf":[],"_links":{"self":[{"href":"https:\/\/mancomun.gal\/es\/wp-json\/wp\/v2\/pages\/32363","targetHints":{"allow":["GET"]}}],"collection":[{"href":"https:\/\/mancomun.gal\/es\/wp-json\/wp\/v2\/pages"}],"about":[{"href":"https:\/\/mancomun.gal\/es\/wp-json\/wp\/v2\/types\/page"}],"author":[{"embeddable":true,"href":"https:\/\/mancomun.gal\/es\/wp-json\/wp\/v2\/users\/1"}],"replies":[{"embeddable":true,"href":"https:\/\/mancomun.gal\/es\/wp-json\/wp\/v2\/comments?post=32363"}],"version-history":[{"count":3,"href":"https:\/\/mancomun.gal\/es\/wp-json\/wp\/v2\/pages\/32363\/revisions"}],"predecessor-version":[{"id":32366,"href":"https:\/\/mancomun.gal\/es\/wp-json\/wp\/v2\/pages\/32363\/revisions\/32366"}],"wp:attachment":[{"href":"https:\/\/mancomun.gal\/es\/wp-json\/wp\/v2\/media?parent=32363"}],"curies":[{"name":"wp","href":"https:\/\/api.w.org\/{rel}","templated":true}]}}