{"id":32367,"date":"2023-02-07T13:03:30","date_gmt":"2023-02-07T12:03:30","guid":{"rendered":"https:\/\/mancomun.gal\/aviso-legal\/"},"modified":"2024-02-26T14:09:39","modified_gmt":"2024-02-26T13:09:39","slug":"aviso-legal","status":"publish","type":"page","link":"https:\/\/mancomun.gal\/es\/aviso-legal\/","title":{"rendered":"Aviso legal"},"content":{"rendered":"\n<div class=\"wp-block-group is-layout-constrained wp-container-core-group-is-layout-5ca99053 wp-block-group-is-layout-constrained\">\n<h2 class=\"wp-block-heading\">Informaci\u00f3n general<\/h2>\n\n\n\n<p>Las presentes disposiciones regulan el uso del servicio del portal de internet (en adelante, el \u2018Portal\u2019) que la Xunta de Galicia pone a disposici\u00f3n de los usuarios de internet.<\/p>\n\n\n\n<p>La Xunta de Galicia es la titular del subdominio \u201c*.mancomun.gal\u201d y de los distintos elementos en \u00e9l incluidos.<br>El contenido facilitado a trav\u00e9s de este Portal se emite con efectos simplemente informativos y no sustituye la publicidad de las disposiciones y actos que tengan que ser publicados formalmente en boletines oficiales.<\/p>\n\n\n\n<p>Aunque se efectuar\u00e1n los esfuerzos precisos para que la informaci\u00f3n contenida sea exacta y actualizada, la Xunta de Galicia no garantiza la inexistencia de errores en el contenido de este Portal, ni que se encuentre totalmente actualizado.<\/p>\n\n\n\n<p>La Xunta de Galicia no se hace responsable de los da\u00f1os y perjuicios que pudiera ocasionar el uso ileg\u00edtimo o inadecuado de las herramientas e informaciones contenidas en el Portal con excepci\u00f3n de todas aquellas actuaciones que resulten de la aplicaci\u00f3n de las disposiciones legales a las que deba someterse en el estricto ejercicio de sus competencias.<\/p>\n\n\n\n<p>La Xunta de Galicia no asume responsabilidad alguna derivada de la conexi\u00f3n o contenidos de los enlaces a p\u00e1ginas externas sobre las que no se tiene ning\u00fan control, debiendo el usuario de este Portal, en todo caso, atenerse a las condiciones de uso espec\u00edficas de los dichos enlaces.<\/p>\n\n\n\n<p>La Xunta de Galicia se reserva la facultad de efectuar, en cualquier momento y sin necesidad de aviso previo, modificaciones y actualizaciones sobre la informaci\u00f3n contenida o en su configuraci\u00f3n o presentaci\u00f3n.<\/p>\n\n\n\n<h2 class=\"wp-block-heading\">Propiedad intelectual e industrial<\/h2>\n\n\n\n<p>Los derechos de propiedad intelectual de este sitio web y de sus elementos contenidos son titularidad de la Administraci\u00f3n general y del sector p\u00fablico auton\u00f3mico de Galicia, o bien, si poseen los derechos suficientes para emplearlos a trav\u00e9s de cesiones o uso de licencias.<br><br>Parte de esta web contiene Software Libre que est\u00e1 sujeto la licencias libres independientes. Por lo general, los titulares de los derechos de dicho Software Libre no ofrecen ninguna garant\u00eda ni asumen responsabilidad alguna por dichos componentes.<br><br><\/p>\n\n\n\n<h3 class=\"wp-block-heading\">SOFTWARE LIBRE QUE CONTIENE ESTE PORTAL <\/h3>\n\n\n\n<figure class=\"wp-block-table aligncenter\"><table><thead><tr><th>Sitio<\/th><th class=\"has-text-align-left\" data-align=\"left\">Software<\/th><th>Versi\u00f3n <\/th><th>Copyright <\/th><th>Licencia <\/th><\/tr><\/thead><tbody><tr><td>mancomun.gal<\/td><td class=\"has-text-align-left\" data-align=\"left\">WordPress <\/td><td>6.X <\/td><td>WordPress Contributors <\/td><td>General Public License (GPL)<\/td><\/tr><tr><td>eira.mancomun.gal<\/td><td class=\"has-text-align-left\" data-align=\"left\">GitLab<\/td><td>Community Edition<\/td><td>GitLab B.V.<\/td><td>MIT<\/td><\/tr><tr><td>apeiria.mancomun.gal<\/td><td class=\"has-text-align-left\" data-align=\"left\">MkDocs<\/td><td>1.5.X<\/td><td>Tom Christie<\/td><td>BSD-2-Clause<\/td><\/tr><\/tbody><\/table><\/figure>\n\n\n\n<h3 class=\"wp-block-heading\">Licencia<\/h3>\n\n\n\n<p>Salvo indicaci\u00f3n expresa de lo contrario, los contenidos publicados en este portal se distribuyen bajo la siguiente licencia:<\/p>\n\n\n\n<p><strong>Creative Commons Atribuci\u00f3n-CompartirIgual 4.0 Internacional<\/strong><\/p>\n\n\n\n<p>Usted es libre de:<\/p>\n\n\n\n<ul class=\"wp-block-list\">\n<li>Copiar, distribuir y comunicar p\u00fablicamente la obra.<\/li>\n\n\n\n<li>Hacer obras derivadas.<\/li>\n<\/ul>\n\n\n\n<p>Bajo las condiciones siguientes:<\/p>\n\n\n\n<ul class=\"wp-block-list\">\n<li>Atribuci\u00f3n. Debe reconocer los cr\u00e9ditos de la obra de la manera especificada por el autor o por el licenciador (pero no de manera que sugiera que tiene su apoyo o apoyan el uso que hacen de su obra).<\/li>\n\n\n\n<li>Compartir Igual. Si transforma o modifica esta obra para crear una obra derivada, s\u00f3lo puede distribuir la obra resultante bajo la misma licencia, una similar o una compatible.<\/li>\n<\/ul>\n\n\n\n<p>Al reutilizar o distribuir la obra, tiene que dejar bien claro los t\u00e9rminos de la licencia de esta obra.<\/p>\n\n\n\n<p>Alguna de estas condiciones puede no aplicarse si se obtiene el permiso del titular de los derechos de autor. Nada en esta licencia menoscaba o restringe los derechos morales del autor.<\/p>\n\n\n\n<p>Esto es un resumen legible por humanos del texto legal (licencia completa).<\/p>\n\n\n\n<h2 class=\"wp-block-heading\">Privacidad<\/h2>\n\n\n\n<p>Con su navegaci\u00f3n, usted presta el consentimiento para recibir las cookies que utiliza el Portal, que en ning\u00fan caso se emplean para recoger informaci\u00f3n de car\u00e1cter personal. Son de dos tipos:<\/p>\n\n\n\n<p>Cookies propias: son enviadas a su equipo y gestionadas exclusivamente por la Xunta de Galicia, que s\u00f3lo obtiene y conserva la informaci\u00f3n relativa a los datos de sesi\u00f3n e idioma. Estas <em>cookies<\/em> son necesarias para el correcto funcionamiento y visualizaci\u00f3n del Portal por parte del usuario.<\/p>\n\n\n\n<p>Cookies anal\u00edticas de terceros: el Portal usa las cookies de la herramienta<em>Google Analytics<\/em>, que realiza una medici\u00f3n y an\u00e1lisis estad\u00edstico de la navegaci\u00f3n de los usuarios en la web, con el fin de mejorar los servicios que ofrece el Portal. La informaci\u00f3n que genera la <em>cookie<\/em> es directamente transmitida y archivada por Google.<\/p>\n\n\n\n<p>Para garantizar el anonimato, Google convierte su informaci\u00f3n en an\u00f3nima truncando la direcci\u00f3n IP antes de almacenarla. Tampoco asocia su direcci\u00f3n IP truncada a ninguno otro dato conservado por Google, ni puede enviar la informaci\u00f3n recogida por <em>Google Analytics<\/em> a terceros salvo cuando est\u00e9 legalmente obligado a hacerlo, conforme las condiciones de prestaci\u00f3n del servicio de <em>Google Analytics<\/em>.<\/p>\n\n\n\n<p>Si usted <strong>desea denegar el permiso<\/strong> para el tratamiento estad\u00edstico de los datos o de la informaci\u00f3n con <em>Google Analytics<\/em>, pulse aqu\u00ed.<\/p>\n\n\n\n<p>Le recordamos que deber\u00e1 ejecutar esta acci\u00f3n cada vez que cambie de navegador o su configuraci\u00f3n, o se elimina las <em>cookies<\/em>, puesto que el indicador de denegaci\u00f3n se guarda en una <em>cookie<\/em>.<\/p>\n\n\n\n<h2 class=\"wp-block-heading\">Protecci\u00f3n de datos<\/h2>\n\n\n\n<p>El tratamiento de los datos de car\u00e1cter personal que se realice a trav\u00e9s de este Portal estar\u00e1 sujeto al establecido por la <em>Ley Org\u00e1nica 15\/1999, de Protecci\u00f3n de Datos de Car\u00e1cter Personal<\/em> y dem\u00e1s normativa de aplicaci\u00f3n. Los datos facilitados por el interesado se utilizar\u00e1n, con car\u00e1cter \u00fanico y exclusivo, para los fines previstos en el procedimiento o actuaci\u00f3n que se trate. En ning\u00fan caso los referidos datos ser\u00e1n objeto de tratamiento o de cesi\u00f3n a terceros, si no es con el consentimiento inequ\u00edvoco del afectado, o en los supuestos previstos en los art\u00edculos 6.2 y 11.2 de la <em>Ley 15\/1999, del 13 de diciembre, de Protecci\u00f3n de Datos de Car\u00e1cter Personal<\/em>.<\/p>\n\n\n\n<p>En cumplimiento del dispuesto en la citada <em>Ley Org\u00e1nica 15\/1999<\/em>, el cedente de los datos podr\u00e1, en cualquier momento, ejercitar los derechos de acceso, rectificaci\u00f3n, cancelaci\u00f3n y oposici\u00f3n en la forma que reglamentariamente se determine.<\/p>\n\n\n\n<h2 class=\"wp-block-heading\">Uso de lenguas<\/h2>\n\n\n\n<p>La Disposici\u00f3n adicional sexta de la <em>Ley 11\/2007, del 22 de junio<\/em>, de acceso electr\u00f3nico de los ciudadanos a los servicios p\u00fablicos, determina que se garantizar\u00e1 el uso de las lenguas oficiales del Estado en las relaciones por medios electr\u00f3nicos de los ciudadanos con las Administraciones P\u00fablicas, en los t\u00e9rminos previstos en la <em>Ley 30\/1992, del 26 de noviembre, de R\u00e9gimen Jur\u00eddico de las Administraciones P\u00fablicas y del Procedimiento<\/em> <em>Administrativo Com\u00fan<\/em>, y en la normativa que en cada caso resulte de aplicaci\u00f3n. La estos efectos, el Portal posibilitar\u00e1 el acceso a sus contenidos y servicios en gallego y castellano.<\/p>\n\n\n\n<h2 class=\"wp-block-heading\">Ley aplicable y jurisdicci\u00f3n<\/h2>\n\n\n\n<p>Para toda cuesti\u00f3n litigiosa o que ata\u00f1e al Portal, ser\u00e1 de aplicaci\u00f3n la legislaci\u00f3n espa\u00f1ola, siendo competentes para la resoluci\u00f3n de todos los conflictos derivados o relacionados con el uso del presente Portal, los Juzgados y Tribunales de la ciudad de Santiago de Compostela.<\/p>\n\n\n\n<div style=\"height:100px\" aria-hidden=\"true\" class=\"wp-block-spacer\"><\/div>\n<\/div>\n","protected":false},"excerpt":{"rendered":"<p>Informaci\u00f3n general Las presentes disposiciones regulan el uso del servicio del portal de internet (en adelante, el \u2018Portal\u2019) que la Xunta de Galicia pone a disposici\u00f3n de los usuarios de internet. La Xunta de Galicia es la titular del subdominio \u201c*.mancomun.gal\u201d y de los distintos elementos en \u00e9l incluidos.El contenido facilitado a trav\u00e9s de este [&hellip;]<\/p>\n","protected":false},"author":1,"featured_media":0,"parent":0,"menu_order":0,"comment_status":"closed","ping_status":"closed","template":"","meta":{"footnotes":""},"class_list":["post-32367","page","type-page","status-publish","hentry"],"acf":[],"_links":{"self":[{"href":"https:\/\/mancomun.gal\/es\/wp-json\/wp\/v2\/pages\/32367","targetHints":{"allow":["GET"]}}],"collection":[{"href":"https:\/\/mancomun.gal\/es\/wp-json\/wp\/v2\/pages"}],"about":[{"href":"https:\/\/mancomun.gal\/es\/wp-json\/wp\/v2\/types\/page"}],"author":[{"embeddable":true,"href":"https:\/\/mancomun.gal\/es\/wp-json\/wp\/v2\/users\/1"}],"replies":[{"embeddable":true,"href":"https:\/\/mancomun.gal\/es\/wp-json\/wp\/v2\/comments?post=32367"}],"version-history":[{"count":5,"href":"https:\/\/mancomun.gal\/es\/wp-json\/wp\/v2\/pages\/32367\/revisions"}],"predecessor-version":[{"id":43936,"href":"https:\/\/mancomun.gal\/es\/wp-json\/wp\/v2\/pages\/32367\/revisions\/43936"}],"wp:attachment":[{"href":"https:\/\/mancomun.gal\/es\/wp-json\/wp\/v2\/media?parent=32367"}],"curies":[{"name":"wp","href":"https:\/\/api.w.org\/{rel}","templated":true}]}}