{"id":62407,"date":"2024-09-17T11:30:37","date_gmt":"2024-09-17T09:30:37","guid":{"rendered":"https:\/\/mancomun.gal\/politica-de-privacidad\/"},"modified":"2024-09-17T17:05:58","modified_gmt":"2024-09-17T15:05:58","slug":"politica-de-privacidad","status":"publish","type":"page","link":"https:\/\/mancomun.gal\/es\/politica-de-privacidad\/","title":{"rendered":"Pol\u00edtica de privacidad"},"content":{"rendered":"\n<p>INFORMACI\u00d3N B\u00c1SICA SOBRE PROTECCI\u00d3N DE DATOS PERSONALES<\/p>\n\n<p>Responsable del tratamiento: Xunta de Galicia \u2013 Agencia para la Modernizaci\u00f3n Tecnol\u00f3gica de Galicia (Amtega)<\/p>\n\n<p>Finalidades del tratamiento: Gestionar su solicitud de env\u00edo por correo electr\u00f3nico del newsletter del portal Mancom\u00fan.<\/p>\n\n<p>Legitimaci\u00f3n para el tratamiento: Para la tramitaci\u00f3n de la solicitud, cumplimiento de una misi\u00f3n realizada en inter\u00e9s p\u00fablico basada en la Ley 16\/2010, de 17 de diciembre , de organizaci\u00f3n y funcionamiento de la Administraci\u00f3n general y del sector p\u00fablico auton\u00f3mico de Galicia y el Decreto 252\/2011, de 15 de diciembre , por lo que se crea la Amtega y se aprueban sus estatutos. Consentimiento otorgado por las personas interesadas para el env\u00edo de informaci\u00f3n sobre nuevas aplicaciones y proyectos.<\/p>\n\n<p>Destinatarios de los datos: No se prev\u00e9n comunicaciones a terceros.<\/p>\n\n<p>Ejercicio de derechos: Las personas interesadas podr\u00e1n solicitar ante lo responsable del tratamiento el acceso, rectificaci\u00f3n, limitaci\u00f3n y supresi\u00f3n de sus datos as\u00ed como oponerse a su tratamiento a trav\u00e9s de la sede electr\u00f3nica de la Xunta de Galicia o en los lugares y registros establecidos en la normativa reguladora del procedimiento administrativo com\u00fan, seg\u00fan se recoge en\u00a0<a href=\"https:\/\/www.xunta.gal\/exercicio-de-derechos\" target=\"_blank\" rel=\"noopener\">https:\/\/www.xunta.gal\/exercicio-de-derechos<\/a>. Asimismo, las personas interesadas podr\u00e1n retirar el consentimiento previamente otorgado dirigiendo su solicitud a\u00a0<a href=\"mailto:ocfloss@xunta.gal\" target=\"_blank\" rel=\"noopener\">ocfloss@xunta.gal<\/a>. La retirada del consentimiento no afectar\u00e1 a la licitude del tratamiento basada en el consentimiento previo a su retirada.<\/p>\n\n<p>Contacto delegado\/a de protecci\u00f3n de datos e informaci\u00f3n adicional:<a href=\"https:\/\/www.xunta.gal\/informacion-xeral-proteccion-datos\" target=\"_blank\" rel=\"noopener\">https:\/\/www.xunta.gal\/informacion-general-proteccion-datos<\/a><\/p>\n\n<p><\/p>\n","protected":false},"excerpt":{"rendered":"<p>INFORMACI\u00d3N B\u00c1SICA SOBRE PROTECCI\u00d3N DE DATOS PERSONALES Responsable del tratamiento: Xunta de Galicia \u2013 Agencia para la Modernizaci\u00f3n Tecnol\u00f3gica de Galicia (Amtega) Finalidades del tratamiento: Gestionar su solicitud de env\u00edo por correo electr\u00f3nico del newsletter del portal Mancom\u00fan. Legitimaci\u00f3n para el tratamiento: Para la tramitaci\u00f3n de la solicitud, cumplimiento de una misi\u00f3n realizada en inter\u00e9s [&hellip;]<\/p>\n","protected":false},"author":5,"featured_media":0,"parent":0,"menu_order":0,"comment_status":"closed","ping_status":"closed","template":"page-pagina-generica.php","meta":{"footnotes":""},"class_list":["post-62407","page","type-page","status-publish","hentry"],"acf":[],"_links":{"self":[{"href":"https:\/\/mancomun.gal\/es\/wp-json\/wp\/v2\/pages\/62407","targetHints":{"allow":["GET"]}}],"collection":[{"href":"https:\/\/mancomun.gal\/es\/wp-json\/wp\/v2\/pages"}],"about":[{"href":"https:\/\/mancomun.gal\/es\/wp-json\/wp\/v2\/types\/page"}],"author":[{"embeddable":true,"href":"https:\/\/mancomun.gal\/es\/wp-json\/wp\/v2\/users\/5"}],"replies":[{"embeddable":true,"href":"https:\/\/mancomun.gal\/es\/wp-json\/wp\/v2\/comments?post=62407"}],"version-history":[{"count":1,"href":"https:\/\/mancomun.gal\/es\/wp-json\/wp\/v2\/pages\/62407\/revisions"}],"predecessor-version":[{"id":62408,"href":"https:\/\/mancomun.gal\/es\/wp-json\/wp\/v2\/pages\/62407\/revisions\/62408"}],"wp:attachment":[{"href":"https:\/\/mancomun.gal\/es\/wp-json\/wp\/v2\/media?parent=62407"}],"curies":[{"name":"wp","href":"https:\/\/api.w.org\/{rel}","templated":true}]}}